{"id":12030,"date":"2020-06-16T12:13:10","date_gmt":"2020-06-16T12:13:10","guid":{"rendered":"https:\/\/www.milenadunic.com\/shop\/prosecco\/"},"modified":"2020-11-30T18:02:06","modified_gmt":"2020-11-30T18:02:06","slug":"prosecco","status":"publish","type":"product","link":"https:\/\/www.milenadunic.com\/sr\/kolekcija\/prosecco\/","title":{"rendered":"Prosecco"},"content":{"rendered":"","protected":false},"excerpt":{"rendered":"<p>Prosecco je strukirana haljina sa trouglastim izrezom na le\u0111ima, tri-\u010detvrt rukavima i \u010damac vratnim izrezom. Napravljena je od elasti\u010dnog \u017eerseja sa svetlucavim detaljima.<\/p>\n","protected":false},"featured_media":11235,"template":"","meta":[],"_links":{"self":[{"href":"https:\/\/www.milenadunic.com\/sr\/wp-json\/wp\/v2\/product\/12030"}],"collection":[{"href":"https:\/\/www.milenadunic.com\/sr\/wp-json\/wp\/v2\/product"}],"about":[{"href":"https:\/\/www.milenadunic.com\/sr\/wp-json\/wp\/v2\/types\/product"}],"wp:featuredmedia":[{"embeddable":true,"href":"https:\/\/www.milenadunic.com\/sr\/wp-json\/wp\/v2\/media\/11235"}],"wp:attachment":[{"href":"https:\/\/www.milenadunic.com\/sr\/wp-json\/wp\/v2\/media?parent=12030"}],"curies":[{"name":"wp","href":"https:\/\/api.w.org\/{rel}","templated":true}]}}