{"id":11988,"date":"2020-06-16T12:18:10","date_gmt":"2020-06-16T12:18:10","guid":{"rendered":"https:\/\/www.milenadunic.com\/shop\/safari\/"},"modified":"2020-11-30T17:40:33","modified_gmt":"2020-11-30T17:40:33","slug":"safari","status":"publish","type":"product","link":"https:\/\/www.milenadunic.com\/sr\/kolekcija\/safari\/","title":{"rendered":"Safari"},"content":{"rendered":"","protected":false},"excerpt":{"rendered":"<p>Safari je strukirana haljina kvadratnog drapiranog izreza. Izra\u0111ena je od dezeniranog pamu\u010dnog \u017eerseja sa elastinom.<\/p>\n","protected":false},"featured_media":11408,"template":"","meta":[],"_links":{"self":[{"href":"https:\/\/www.milenadunic.com\/sr\/wp-json\/wp\/v2\/product\/11988"}],"collection":[{"href":"https:\/\/www.milenadunic.com\/sr\/wp-json\/wp\/v2\/product"}],"about":[{"href":"https:\/\/www.milenadunic.com\/sr\/wp-json\/wp\/v2\/types\/product"}],"wp:featuredmedia":[{"embeddable":true,"href":"https:\/\/www.milenadunic.com\/sr\/wp-json\/wp\/v2\/media\/11408"}],"wp:attachment":[{"href":"https:\/\/www.milenadunic.com\/sr\/wp-json\/wp\/v2\/media?parent=11988"}],"curies":[{"name":"wp","href":"https:\/\/api.w.org\/{rel}","templated":true}]}}