{"id":11974,"date":"2020-06-16T12:19:53","date_gmt":"2020-06-16T12:19:53","guid":{"rendered":"https:\/\/www.milenadunic.com\/shop\/jackie\/"},"modified":"2020-11-30T17:41:09","modified_gmt":"2020-11-30T17:41:09","slug":"jackie","status":"publish","type":"product","link":"https:\/\/www.milenadunic.com\/sr\/kolekcija\/jackie\/","title":{"rendered":"Jackie"},"content":{"rendered":"","protected":false},"excerpt":{"rendered":"<p>Jackie je strukirana haljina se\u010dena u struku. Napred je ovalnog vratnog izreza, dok je na le\u0111ima izrez kaplji\u010dnog oblika. Izra\u0111ena je od prugastog, tankog lorana.<\/p>\n","protected":false},"featured_media":11443,"template":"","meta":[],"_links":{"self":[{"href":"https:\/\/www.milenadunic.com\/sr\/wp-json\/wp\/v2\/product\/11974"}],"collection":[{"href":"https:\/\/www.milenadunic.com\/sr\/wp-json\/wp\/v2\/product"}],"about":[{"href":"https:\/\/www.milenadunic.com\/sr\/wp-json\/wp\/v2\/types\/product"}],"wp:featuredmedia":[{"embeddable":true,"href":"https:\/\/www.milenadunic.com\/sr\/wp-json\/wp\/v2\/media\/11443"}],"wp:attachment":[{"href":"https:\/\/www.milenadunic.com\/sr\/wp-json\/wp\/v2\/media?parent=11974"}],"curies":[{"name":"wp","href":"https:\/\/api.w.org\/{rel}","templated":true}]}}