{"id":11964,"date":"2020-06-16T12:21:16","date_gmt":"2020-06-16T12:21:16","guid":{"rendered":"https:\/\/www.milenadunic.com\/shop\/limoncello\/"},"modified":"2020-11-30T17:41:35","modified_gmt":"2020-11-30T17:41:35","slug":"limoncello","status":"publish","type":"product","link":"https:\/\/www.milenadunic.com\/sr\/kolekcija\/limoncello\/","title":{"rendered":"Limoncello"},"content":{"rendered":"","protected":false},"excerpt":{"rendered":"<p>Limoncello, haljina A-kroja, izra\u0111ena je od te\u017eeg pamu\u010dnog \u017eerseja. Mo\u017ee se nositi na vi\u0161e razli\u010ditih na\u010dina koje omogu\u0107avaju po oko 2m duga\u010dki kai\u0161evi koji se vezuju napred, pozadi, ispod grudi ili po \u017eelji.<\/p>\n","protected":false},"featured_media":11499,"template":"","meta":[],"_links":{"self":[{"href":"https:\/\/www.milenadunic.com\/sr\/wp-json\/wp\/v2\/product\/11964"}],"collection":[{"href":"https:\/\/www.milenadunic.com\/sr\/wp-json\/wp\/v2\/product"}],"about":[{"href":"https:\/\/www.milenadunic.com\/sr\/wp-json\/wp\/v2\/types\/product"}],"wp:featuredmedia":[{"embeddable":true,"href":"https:\/\/www.milenadunic.com\/sr\/wp-json\/wp\/v2\/media\/11499"}],"wp:attachment":[{"href":"https:\/\/www.milenadunic.com\/sr\/wp-json\/wp\/v2\/media?parent=11964"}],"curies":[{"name":"wp","href":"https:\/\/api.w.org\/{rel}","templated":true}]}}