{"id":11952,"date":"2020-06-16T12:22:28","date_gmt":"2020-06-16T12:22:28","guid":{"rendered":"https:\/\/www.milenadunic.com\/shop\/vanilica\/"},"modified":"2020-11-30T17:42:00","modified_gmt":"2020-11-30T17:42:00","slug":"vanilica","status":"publish","type":"product","link":"https:\/\/www.milenadunic.com\/sr\/kolekcija\/vanilica\/","title":{"rendered":"Vanilica"},"content":{"rendered":"","protected":false},"excerpt":{"rendered":"<p>Vanilica je haljina A-kroja, otvorenih le\u0111a sa ukr\u0161tenim trakama, i punim glohom u donjem delu. Izra\u0111ena je od tankog, pamu\u010dnog materijala, cvetno dezerniranog.<\/p>\n","protected":false},"featured_media":11562,"template":"","meta":[],"_links":{"self":[{"href":"https:\/\/www.milenadunic.com\/sr\/wp-json\/wp\/v2\/product\/11952"}],"collection":[{"href":"https:\/\/www.milenadunic.com\/sr\/wp-json\/wp\/v2\/product"}],"about":[{"href":"https:\/\/www.milenadunic.com\/sr\/wp-json\/wp\/v2\/types\/product"}],"wp:featuredmedia":[{"embeddable":true,"href":"https:\/\/www.milenadunic.com\/sr\/wp-json\/wp\/v2\/media\/11562"}],"wp:attachment":[{"href":"https:\/\/www.milenadunic.com\/sr\/wp-json\/wp\/v2\/media?parent=11952"}],"curies":[{"name":"wp","href":"https:\/\/api.w.org\/{rel}","templated":true}]}}