{"id":11946,"date":"2020-06-16T12:23:02","date_gmt":"2020-06-16T12:23:02","guid":{"rendered":"https:\/\/www.milenadunic.com\/shop\/slezov-kolacic\/"},"modified":"2020-11-30T17:42:50","modified_gmt":"2020-11-30T17:42:50","slug":"slezov-kolacic","status":"publish","type":"product","link":"https:\/\/www.milenadunic.com\/sr\/kolekcija\/slezov-kolacic\/","title":{"rendered":"Slezov kola\u010di\u0107"},"content":{"rendered":"","protected":false},"excerpt":{"rendered":"<p>Slezov kola\u010di\u0107 je haljina A-kroja, otvorenih le\u0111a sa romboidnim izrezom i glohnastim donjim delom. Izra\u0111ena je od polutransparentnog viskoznog materijala sa mat sjajem.<\/p>\n","protected":false},"featured_media":11567,"template":"","meta":[],"_links":{"self":[{"href":"https:\/\/www.milenadunic.com\/sr\/wp-json\/wp\/v2\/product\/11946"}],"collection":[{"href":"https:\/\/www.milenadunic.com\/sr\/wp-json\/wp\/v2\/product"}],"about":[{"href":"https:\/\/www.milenadunic.com\/sr\/wp-json\/wp\/v2\/types\/product"}],"wp:featuredmedia":[{"embeddable":true,"href":"https:\/\/www.milenadunic.com\/sr\/wp-json\/wp\/v2\/media\/11567"}],"wp:attachment":[{"href":"https:\/\/www.milenadunic.com\/sr\/wp-json\/wp\/v2\/media?parent=11946"}],"curies":[{"name":"wp","href":"https:\/\/api.w.org\/{rel}","templated":true}]}}