{"id":11918,"date":"2020-06-16T12:27:02","date_gmt":"2020-06-16T12:27:02","guid":{"rendered":"https:\/\/www.milenadunic.com\/shop\/funky-monkey\/"},"modified":"2020-11-30T17:44:06","modified_gmt":"2020-11-30T17:44:06","slug":"funky-monkey","status":"publish","type":"product","link":"https:\/\/www.milenadunic.com\/sr\/kolekcija\/funky-monkey\/","title":{"rendered":"Funky monkey"},"content":{"rendered":"","protected":false},"excerpt":{"rendered":"<p>Funky monkey je uzana haljina se\u010dena u struku, kvadratnog vratnog izreza napred i dubokog V izreza pozadi. Izra\u0111ena je od ripsa, pamu\u010dnog materijala rebrastog tkanja, sa malo elastina.<\/p>\n","protected":false},"featured_media":11685,"template":"","meta":[],"_links":{"self":[{"href":"https:\/\/www.milenadunic.com\/sr\/wp-json\/wp\/v2\/product\/11918"}],"collection":[{"href":"https:\/\/www.milenadunic.com\/sr\/wp-json\/wp\/v2\/product"}],"about":[{"href":"https:\/\/www.milenadunic.com\/sr\/wp-json\/wp\/v2\/types\/product"}],"wp:featuredmedia":[{"embeddable":true,"href":"https:\/\/www.milenadunic.com\/sr\/wp-json\/wp\/v2\/media\/11685"}],"wp:attachment":[{"href":"https:\/\/www.milenadunic.com\/sr\/wp-json\/wp\/v2\/media?parent=11918"}],"curies":[{"name":"wp","href":"https:\/\/api.w.org\/{rel}","templated":true}]}}