{"id":11912,"date":"2020-06-16T12:28:07","date_gmt":"2020-06-16T12:28:07","guid":{"rendered":"https:\/\/www.milenadunic.com\/shop\/andromeda\/"},"modified":"2020-11-30T18:04:01","modified_gmt":"2020-11-30T18:04:01","slug":"andromeda","status":"publish","type":"product","link":"https:\/\/www.milenadunic.com\/sr\/kolekcija\/andromeda\/","title":{"rendered":"Andromeda"},"content":{"rendered":"","protected":false},"excerpt":{"rendered":"<p>Andromeda je strukirana haljina sa trouglastim izrezom na le\u0111ima, tri-\u010detvrt rukavima i \u010damac vratnim izrezom. Napravljena je od pli\u0161a u 2 boje, sa dodatkom premium teget Shine Art kristala.<\/p>\n","protected":false},"featured_media":11717,"template":"","meta":[],"_links":{"self":[{"href":"https:\/\/www.milenadunic.com\/sr\/wp-json\/wp\/v2\/product\/11912"}],"collection":[{"href":"https:\/\/www.milenadunic.com\/sr\/wp-json\/wp\/v2\/product"}],"about":[{"href":"https:\/\/www.milenadunic.com\/sr\/wp-json\/wp\/v2\/types\/product"}],"wp:featuredmedia":[{"embeddable":true,"href":"https:\/\/www.milenadunic.com\/sr\/wp-json\/wp\/v2\/media\/11717"}],"wp:attachment":[{"href":"https:\/\/www.milenadunic.com\/sr\/wp-json\/wp\/v2\/media?parent=11912"}],"curies":[{"name":"wp","href":"https:\/\/api.w.org\/{rel}","templated":true}]}}