{"id":11900,"date":"2020-06-16T12:29:29","date_gmt":"2020-06-16T12:29:29","guid":{"rendered":"https:\/\/www.milenadunic.com\/shop\/5-do-12\/"},"modified":"2020-06-21T20:25:22","modified_gmt":"2020-06-21T20:25:22","slug":"5-do-12","status":"publish","type":"product","link":"https:\/\/www.milenadunic.com\/sr\/kolekcija\/5-do-12\/","title":{"rendered":"5 do 12"},"content":{"rendered":"","protected":false},"excerpt":{"rendered":"<p>5 do 12 je strukirana haljina sa dugim rukavima, kvadratnog drapiranog vratnog izreza. Izra\u0111ena je od tankog pamu\u010dnog \u017eerseja<\/p>\n","protected":false},"featured_media":11757,"template":"","meta":[],"_links":{"self":[{"href":"https:\/\/www.milenadunic.com\/sr\/wp-json\/wp\/v2\/product\/11900"}],"collection":[{"href":"https:\/\/www.milenadunic.com\/sr\/wp-json\/wp\/v2\/product"}],"about":[{"href":"https:\/\/www.milenadunic.com\/sr\/wp-json\/wp\/v2\/types\/product"}],"wp:featuredmedia":[{"embeddable":true,"href":"https:\/\/www.milenadunic.com\/sr\/wp-json\/wp\/v2\/media\/11757"}],"wp:attachment":[{"href":"https:\/\/www.milenadunic.com\/sr\/wp-json\/wp\/v2\/media?parent=11900"}],"curies":[{"name":"wp","href":"https:\/\/api.w.org\/{rel}","templated":true}]}}