{"id":11896,"date":"2020-06-16T12:29:56","date_gmt":"2020-06-16T12:29:56","guid":{"rendered":"https:\/\/www.milenadunic.com\/shop\/amber\/"},"modified":"2020-11-30T17:44:23","modified_gmt":"2020-11-30T17:44:23","slug":"amber","status":"publish","type":"product","link":"https:\/\/www.milenadunic.com\/sr\/kolekcija\/amber\/","title":{"rendered":"Amber"},"content":{"rendered":"","protected":false},"excerpt":{"rendered":"<p>Amber je strukirana haljina otvorenih le\u0111a, izra\u0111ena od svile boje terakote. Drapiranog je vratnog izreza, s tankim, \u0161pageti bretelama.<\/p>\n","protected":false},"featured_media":11774,"template":"","meta":[],"_links":{"self":[{"href":"https:\/\/www.milenadunic.com\/sr\/wp-json\/wp\/v2\/product\/11896"}],"collection":[{"href":"https:\/\/www.milenadunic.com\/sr\/wp-json\/wp\/v2\/product"}],"about":[{"href":"https:\/\/www.milenadunic.com\/sr\/wp-json\/wp\/v2\/types\/product"}],"wp:featuredmedia":[{"embeddable":true,"href":"https:\/\/www.milenadunic.com\/sr\/wp-json\/wp\/v2\/media\/11774"}],"wp:attachment":[{"href":"https:\/\/www.milenadunic.com\/sr\/wp-json\/wp\/v2\/media?parent=11896"}],"curies":[{"name":"wp","href":"https:\/\/api.w.org\/{rel}","templated":true}]}}