{"id":11892,"date":"2020-06-16T12:31:23","date_gmt":"2020-06-16T12:31:23","guid":{"rendered":"https:\/\/www.milenadunic.com\/shop\/dalt-vila\/"},"modified":"2020-06-27T08:37:39","modified_gmt":"2020-06-27T08:37:39","slug":"dalt-vila","status":"publish","type":"product","link":"https:\/\/www.milenadunic.com\/sr\/kolekcija\/dalt-vila\/","title":{"rendered":"Dalt Vila"},"content":{"rendered":"","protected":false},"excerpt":{"rendered":"<p>Dalt Vila je haljina H-kroja sa jako blagim \u0161irenjem na dole. Izra\u0111ena je od polutransparentne svile. Drapiranog je vratnog izreza, s tankim bretelama koje se ukr\u0161taju na le\u0111ima.<\/p>\n","protected":false},"featured_media":11808,"template":"","meta":[],"_links":{"self":[{"href":"https:\/\/www.milenadunic.com\/sr\/wp-json\/wp\/v2\/product\/11892"}],"collection":[{"href":"https:\/\/www.milenadunic.com\/sr\/wp-json\/wp\/v2\/product"}],"about":[{"href":"https:\/\/www.milenadunic.com\/sr\/wp-json\/wp\/v2\/types\/product"}],"wp:featuredmedia":[{"embeddable":true,"href":"https:\/\/www.milenadunic.com\/sr\/wp-json\/wp\/v2\/media\/11808"}],"wp:attachment":[{"href":"https:\/\/www.milenadunic.com\/sr\/wp-json\/wp\/v2\/media?parent=11892"}],"curies":[{"name":"wp","href":"https:\/\/api.w.org\/{rel}","templated":true}]}}