{"id":11888,"date":"2020-06-16T12:31:54","date_gmt":"2020-06-16T12:31:54","guid":{"rendered":"https:\/\/www.milenadunic.com\/shop\/afrika\/"},"modified":"2020-11-30T17:44:40","modified_gmt":"2020-11-30T17:44:40","slug":"afrika","status":"publish","type":"product","link":"https:\/\/www.milenadunic.com\/sr\/kolekcija\/afrika\/","title":{"rendered":"Afrika"},"content":{"rendered":"","protected":false},"excerpt":{"rendered":"<p>Afrika je ko\u0161ulja-haljina H-kroja sa slepim kop\u010danjem. Dodatak je traka kojom se mo\u017ee strukirati po potrebi. Izra\u0111ena je od lagane prirodne viskoze.<\/p>\n","protected":false},"featured_media":11822,"template":"","meta":[],"_links":{"self":[{"href":"https:\/\/www.milenadunic.com\/sr\/wp-json\/wp\/v2\/product\/11888"}],"collection":[{"href":"https:\/\/www.milenadunic.com\/sr\/wp-json\/wp\/v2\/product"}],"about":[{"href":"https:\/\/www.milenadunic.com\/sr\/wp-json\/wp\/v2\/types\/product"}],"wp:featuredmedia":[{"embeddable":true,"href":"https:\/\/www.milenadunic.com\/sr\/wp-json\/wp\/v2\/media\/11822"}],"wp:attachment":[{"href":"https:\/\/www.milenadunic.com\/sr\/wp-json\/wp\/v2\/media?parent=11888"}],"curies":[{"name":"wp","href":"https:\/\/api.w.org\/{rel}","templated":true}]}}