{"id":11884,"date":"2020-06-16T12:32:21","date_gmt":"2020-06-16T12:32:21","guid":{"rendered":"https:\/\/www.milenadunic.com\/shop\/zodiac\/"},"modified":"2022-01-30T22:15:10","modified_gmt":"2022-01-30T22:15:10","slug":"zodiac","status":"publish","type":"product","link":"https:\/\/www.milenadunic.com\/sr\/kolekcija\/zodiac\/","title":{"rendered":"Zodiac"},"content":{"rendered":"","protected":false},"excerpt":{"rendered":"<p>Zodiac je haljina H-kroja sa faltanim, lepr\u0161avim rukavima. Izra\u0111ena je od svile, a mali detalj je presvu\u010deno dugme na ovalnom vratnom izrezu.<\/p>\n","protected":false},"featured_media":11840,"template":"","meta":[],"_links":{"self":[{"href":"https:\/\/www.milenadunic.com\/sr\/wp-json\/wp\/v2\/product\/11884"}],"collection":[{"href":"https:\/\/www.milenadunic.com\/sr\/wp-json\/wp\/v2\/product"}],"about":[{"href":"https:\/\/www.milenadunic.com\/sr\/wp-json\/wp\/v2\/types\/product"}],"wp:featuredmedia":[{"embeddable":true,"href":"https:\/\/www.milenadunic.com\/sr\/wp-json\/wp\/v2\/media\/11840"}],"wp:attachment":[{"href":"https:\/\/www.milenadunic.com\/sr\/wp-json\/wp\/v2\/media?parent=11884"}],"curies":[{"name":"wp","href":"https:\/\/api.w.org\/{rel}","templated":true}]}}