{"id":11878,"date":"2020-06-16T12:33:08","date_gmt":"2020-06-16T12:33:08","guid":{"rendered":"https:\/\/www.milenadunic.com\/shop\/nikta\/"},"modified":"2020-06-21T20:25:22","modified_gmt":"2020-06-21T20:25:22","slug":"nikta","status":"publish","type":"product","link":"https:\/\/www.milenadunic.com\/sr\/kolekcija\/nikta\/","title":{"rendered":"Nikta"},"content":{"rendered":"","protected":false},"excerpt":{"rendered":"<p>Nikta je haljina H-kroja sa jako blagim \u0161irenjem na dole. Izra\u0111ena je od polutransparentne svile. Drapiranog je izreza, sa tankim bretelama koje se ukr\u0161taju na le\u0111ima.<\/p>\n","protected":false},"featured_media":11857,"template":"","meta":[],"_links":{"self":[{"href":"https:\/\/www.milenadunic.com\/sr\/wp-json\/wp\/v2\/product\/11878"}],"collection":[{"href":"https:\/\/www.milenadunic.com\/sr\/wp-json\/wp\/v2\/product"}],"about":[{"href":"https:\/\/www.milenadunic.com\/sr\/wp-json\/wp\/v2\/types\/product"}],"wp:featuredmedia":[{"embeddable":true,"href":"https:\/\/www.milenadunic.com\/sr\/wp-json\/wp\/v2\/media\/11857"}],"wp:attachment":[{"href":"https:\/\/www.milenadunic.com\/sr\/wp-json\/wp\/v2\/media?parent=11878"}],"curies":[{"name":"wp","href":"https:\/\/api.w.org\/{rel}","templated":true}]}}