{"id":3064,"date":"2016-08-23T04:15:21","date_gmt":"2016-08-23T04:15:21","guid":{"rendered":"https:\/\/www.milenadunic.com\/o-nama\/"},"modified":"2021-02-25T22:18:07","modified_gmt":"2021-02-25T22:18:07","slug":"o-meni","status":"publish","type":"page","link":"https:\/\/www.milenadunic.com\/sr\/o-meni\/","title":{"rendered":"O meni"},"content":{"rendered":"<p>[vc_row css=&#8220;.vc_custom_1480665418505{margin-top: 20px !important;margin-bottom: 90px !important;}&#8220;][vc_column width=&#8220;2\/3&#8243; offset=&#8220;vc_col-lg-offset-2 vc_col-lg-8 vc_col-md-offset-0 vc_col-md-12 vc_col-sm-offset-0&#8243;][vc_column_text]Ja sam Milena i obo\u017eavam da pronalazim zanimljive materijale za haljine. \u010cesto provodim vreme u pohodu na dezene koji ce mi instant nacrtati zvezdice u o\u010dima. Dobar ulov sre\u0107no nosim ku\u0107i i dodajem gomili odabranih koji \u010dekaju svoj trenutak. Kroj odre\u0111ujem i prilago\u0111avam odabranoj tkanini, sto je malo druga\u010dije od uobi\u010dajenog procesa. Mi\u0161ljenja sam da svaka tkanina zahteva poseban tretman prou\u010davanja, kako bi njena upotreba kasnije bila vredna divljenje. Zato volim prvo da ispitam strukturu, dezen, elasti\u010dnost, kako pada, kako di\u0161e i \u0161ta \u017eeli da postane. <\/p>\n<p>Mama me je nau\u010dila da krojim i \u0161ijem, a kasnije sam sama svoje ve\u0161tine nadogradila i unapredila. Pored kreiranja, ja sam Frontend developer i bavim se izradom web sajtova. Sajt www.milenadunic.com sam dizajnirala i iskodirala, tako da je to mesto gde sam objedinila programiranje i modni dizajn.<\/p>\n<p>Haljine su moja velika ljubav od malena. Jos uvek se se\u0107am ushi\u0107enja male mene dok gledam Pepeljugu koja uz pomo\u0107 mi\u0161eva \u0161ije svoju haljinu za bal. To mi je omiljeni crtani, i znam da je moja haljina kompletna tek onda kada pogledom na nju osetim deo tog ushi\u0107enja sa\u010duvanog u sebi. Mozda nemam pomo\u0107 mi\u0161eva, ali dajem sve od sebe da napravim komade koji se isti\u010du i na kojima se pogled zadr\u017eava.[\/vc_column_text][\/vc_column][\/vc_row][vc_row][vc_column][vc_single_image image=&#8220;12348&#8243; img_size=&#8220;full&#8220; alignment=&#8220;center&#8220;][\/vc_column][\/vc_row][vc_row][vc_column][vc_single_image image=&#8220;12371&#8243; img_size=&#8220;full&#8220; alignment=&#8220;center&#8220;][\/vc_column][\/vc_row]<\/p>\n","protected":false},"excerpt":{"rendered":"<p>[vc_row css=&#8220;.vc_custom_1480665418505{margin-top: 20px !important;margin-bottom: 90px !important;}&#8220;][vc_column width=&#8220;2\/3&#8243; offset=&#8220;vc_col-lg-offset-2 vc_col-lg-8 vc_col-md-offset-0 vc_col-md-12 vc_col-sm-offset-0&#8243;][vc_column_text]Ja sam Milena i&hellip;<\/p>\n","protected":false},"author":1,"featured_media":0,"parent":0,"menu_order":0,"comment_status":"closed","ping_status":"closed","template":"","meta":[],"_links":{"self":[{"href":"https:\/\/www.milenadunic.com\/sr\/wp-json\/wp\/v2\/pages\/3064"}],"collection":[{"href":"https:\/\/www.milenadunic.com\/sr\/wp-json\/wp\/v2\/pages"}],"about":[{"href":"https:\/\/www.milenadunic.com\/sr\/wp-json\/wp\/v2\/types\/page"}],"author":[{"embeddable":true,"href":"https:\/\/www.milenadunic.com\/sr\/wp-json\/wp\/v2\/users\/1"}],"replies":[{"embeddable":true,"href":"https:\/\/www.milenadunic.com\/sr\/wp-json\/wp\/v2\/comments?post=3064"}],"version-history":[{"count":0,"href":"https:\/\/www.milenadunic.com\/sr\/wp-json\/wp\/v2\/pages\/3064\/revisions"}],"wp:attachment":[{"href":"https:\/\/www.milenadunic.com\/sr\/wp-json\/wp\/v2\/media?parent=3064"}],"curies":[{"name":"wp","href":"https:\/\/api.w.org\/{rel}","templated":true}]}}